{"id":12,"date":"2024-08-12T17:51:09","date_gmt":"2024-08-12T17:51:09","guid":{"rendered":"https:\/\/serviceomega.com.br\/terceirizacao\/?page_id=12"},"modified":"2024-09-02T12:21:27","modified_gmt":"2024-09-02T15:21:27","slug":"empresa","status":"publish","type":"page","link":"https:\/\/serviceomega.com.br\/terceirizacao\/empresa\/","title":{"rendered":"Empresa"},"content":{"rendered":"\t\t<div data-elementor-type=\"wp-page\" data-elementor-id=\"12\" class=\"elementor elementor-12\" data-elementor-post-type=\"page\">\n\t\t\t\t<div class=\"elementor-element elementor-element-99eeefc e-flex e-con-boxed e-con e-parent\" data-id=\"99eeefc\" data-element_type=\"container\" data-e-type=\"container\">\n\t\t\t\t\t<div class=\"e-con-inner\">\n\t\t\t\t<div class=\"elementor-element elementor-element-2440c57 elementor-widget__width-inherit elementor-widget elementor-widget-heading\" data-id=\"2440c57\" data-element_type=\"widget\" data-e-type=\"widget\" data-widget_type=\"heading.default\">\n\t\t\t\t<div class=\"elementor-widget-container\">\n\t\t\t\t\t<h2 class=\"elementor-heading-title elementor-size-default\">Nossa Empresa<\/h2>\t\t\t\t<\/div>\n\t\t\t\t<\/div>\n\t\t\t\t\t<\/div>\n\t\t\t\t<\/div>\n\t\t<div class=\"elementor-element elementor-element-84368bb e-flex e-con-boxed e-con e-parent\" data-id=\"84368bb\" data-element_type=\"container\" data-e-type=\"container\">\n\t\t\t\t\t<div class=\"e-con-inner\">\n\t\t<div class=\"elementor-element elementor-element-c49b9b6 e-con-full e-flex e-con e-child\" data-id=\"c49b9b6\" data-element_type=\"container\" data-e-type=\"container\">\n\t\t\t\t<div class=\"elementor-element elementor-element-8f7ab85 elementor-widget elementor-widget-image\" data-id=\"8f7ab85\" data-element_type=\"widget\" data-e-type=\"widget\" data-widget_type=\"image.default\">\n\t\t\t\t<div class=\"elementor-widget-container\">\n\t\t\t\t\t\t\t\t\t\t\t\t\t\t\t<img fetchpriority=\"high\" decoding=\"async\" width=\"512\" height=\"512\" src=\"https:\/\/serviceomega.com.br\/terceirizacao\/wp-content\/uploads\/2024\/08\/condominio2.jpg\" class=\"attachment-large size-large wp-image-210\" alt=\"\" srcset=\"https:\/\/serviceomega.com.br\/terceirizacao\/wp-content\/uploads\/2024\/08\/condominio2.jpg 512w, https:\/\/serviceomega.com.br\/terceirizacao\/wp-content\/uploads\/2024\/08\/condominio2-300x300.jpg 300w, https:\/\/serviceomega.com.br\/terceirizacao\/wp-content\/uploads\/2024\/08\/condominio2-150x150.jpg 150w\" sizes=\"(max-width: 512px) 100vw, 512px\" \/>\t\t\t\t\t\t\t\t\t\t\t\t\t\t\t<\/div>\n\t\t\t\t<\/div>\n\t\t\t\t<\/div>\n\t\t<div class=\"elementor-element elementor-element-5c4f11e e-con-full e-flex e-con e-child\" data-id=\"5c4f11e\" data-element_type=\"container\" data-e-type=\"container\">\n\t\t\t\t<div class=\"elementor-element elementor-element-d267ece elementor-widget elementor-widget-text-editor\" data-id=\"d267ece\" data-element_type=\"widget\" data-e-type=\"widget\" data-widget_type=\"text-editor.default\">\n\t\t\t\t<div class=\"elementor-widget-container\">\n\t\t\t\t\t\t\t\t\t<p><strong>A OMEGA SERVICE \u00e9 a escolha ideal para a terceiriza\u00e7\u00e3o de servi\u00e7os, equilibrando a minimiza\u00e7\u00e3o de custos com a garantia de alta qualidade.<\/strong><\/p><p>Fundada por especialistas com mais de 30 anos de experi\u00eancia em seguran\u00e7a patrimonial e facilities, terceirizando m\u00e3o de obra especializada com administra\u00e7\u00e3o de pessoal, recep\u00e7\u00e3o, manuten\u00e7\u00e3o, limpeza, jardinagem e outros servi\u00e7os terceirizados, nossa empresa atua com excel\u00eancia nos setores corporativo, comercial, residencial, industrial, hospitalar e de eventos.<br \/>Ao optar pela OMEGA SERVICE, voc\u00ea elimina custos com indeniza\u00e7\u00f5es trabalhistas, horas extras, demiss\u00f5es, folhas de pagamento, f\u00e9rias, fundo de garantia, equipamentos de seguran\u00e7a e uniformes. Utilizamos m\u00e9todos eficientes, criativos e respons\u00e1veis para tornar a terceiriza\u00e7\u00e3o a solu\u00e7\u00e3o mais vantajosa e rent\u00e1vel para o seu neg\u00f3cio.<br \/>Nossa miss\u00e3o \u00e9 fornecer servi\u00e7os terceirizados com o m\u00e1ximo de profissionalismo e qualidade. Nosso objetivo \u00e9 atender e resolver as necessidades espec\u00edficas de nossos clientes, garantindo que eles alcancem suas metas e possam focar plenamente em suas atividades principais, sem preocupa\u00e7\u00f5es adicionais.<\/p>\t\t\t\t\t\t\t\t<\/div>\n\t\t\t\t<\/div>\n\t\t\t\t<\/div>\n\t\t\t\t\t<\/div>\n\t\t\t\t<\/div>\n\t\t<div class=\"elementor-element elementor-element-0885aa7 e-flex e-con-boxed e-con e-parent\" data-id=\"0885aa7\" data-element_type=\"container\" data-e-type=\"container\" data-settings=\"{&quot;background_background&quot;:&quot;classic&quot;}\">\n\t\t\t\t\t<div class=\"e-con-inner\">\n\t\t<div class=\"elementor-element elementor-element-39f37d6 e-con-full e-flex e-con e-child\" data-id=\"39f37d6\" data-element_type=\"container\" data-e-type=\"container\">\n\t\t\t\t<div class=\"elementor-element elementor-element-485530c elementor-widget elementor-widget-heading\" data-id=\"485530c\" data-element_type=\"widget\" data-e-type=\"widget\" data-widget_type=\"heading.default\">\n\t\t\t\t<div class=\"elementor-widget-container\">\n\t\t\t\t\t<h2 class=\"elementor-heading-title elementor-size-default\">Fale Conosco<\/h2>\t\t\t\t<\/div>\n\t\t\t\t<\/div>\n\t\t\t\t<div class=\"elementor-element elementor-element-dc8e737 elementor-widget elementor-widget-heading\" data-id=\"dc8e737\" data-element_type=\"widget\" data-e-type=\"widget\" data-widget_type=\"heading.default\">\n\t\t\t\t<div class=\"elementor-widget-container\">\n\t\t\t\t\t<h2 class=\"elementor-heading-title elementor-size-default\">11 2601-5027<\/h2>\t\t\t\t<\/div>\n\t\t\t\t<\/div>\n\t\t\t\t<\/div>\n\t\t\t\t\t<\/div>\n\t\t\t\t<\/div>\n\t\t\t\t<\/div>\n\t\t","protected":false},"excerpt":{"rendered":"<p>Nossa Empresa A OMEGA SERVICE \u00e9 a escolha ideal para a terceiriza\u00e7\u00e3o de servi\u00e7os, equilibrando a minimiza\u00e7\u00e3o de custos com a garantia de alta qualidade. Fundada por especialistas com mais de 30 anos de experi\u00eancia em seguran\u00e7a patrimonial e facilities, terceirizando m\u00e3o de obra especializada com administra\u00e7\u00e3o de pessoal, recep\u00e7\u00e3o, manuten\u00e7\u00e3o, limpeza, jardinagem e outros [&hellip;]<\/p>\n","protected":false},"author":1,"featured_media":0,"parent":0,"menu_order":0,"comment_status":"closed","ping_status":"closed","template":"elementor_header_footer","meta":{"_joinchat":[],"footnotes":""},"class_list":["post-12","page","type-page","status-publish","hentry"],"_links":{"self":[{"href":"https:\/\/serviceomega.com.br\/terceirizacao\/wp-json\/wp\/v2\/pages\/12","targetHints":{"allow":["GET"]}}],"collection":[{"href":"https:\/\/serviceomega.com.br\/terceirizacao\/wp-json\/wp\/v2\/pages"}],"about":[{"href":"https:\/\/serviceomega.com.br\/terceirizacao\/wp-json\/wp\/v2\/types\/page"}],"author":[{"embeddable":true,"href":"https:\/\/serviceomega.com.br\/terceirizacao\/wp-json\/wp\/v2\/users\/1"}],"replies":[{"embeddable":true,"href":"https:\/\/serviceomega.com.br\/terceirizacao\/wp-json\/wp\/v2\/comments?post=12"}],"version-history":[{"count":28,"href":"https:\/\/serviceomega.com.br\/terceirizacao\/wp-json\/wp\/v2\/pages\/12\/revisions"}],"predecessor-version":[{"id":271,"href":"https:\/\/serviceomega.com.br\/terceirizacao\/wp-json\/wp\/v2\/pages\/12\/revisions\/271"}],"wp:attachment":[{"href":"https:\/\/serviceomega.com.br\/terceirizacao\/wp-json\/wp\/v2\/media?parent=12"}],"curies":[{"name":"wp","href":"https:\/\/api.w.org\/{rel}","templated":true}]}}